{"id":17,"date":"2026-05-09T16:04:57","date_gmt":"2026-05-09T14:04:57","guid":{"rendered":"http:\/\/rasumavk.de\/?page_id=17"},"modified":"2026-05-12T16:01:54","modified_gmt":"2026-05-12T14:01:54","slug":"ankauf","status":"publish","type":"page","link":"https:\/\/rasumavk.de\/?page_id=17","title":{"rendered":"Ankauf"},"content":{"rendered":"\n<p>Du m\u00f6chtest Artikel verkaufen?<\/p>\n\n\n\n<p>Was kaufen wir an?<\/p>\n\n\n\n<ul class=\"wp-block-list\">\n<li>LEGO &amp; DUPLO<\/li>\n\n\n\n<li>Videospiele &amp; Konsolen<\/li>\n\n\n\n<li>Nintendo, GameBoy &amp; Playstation<\/li>\n\n\n\n<li>Pok\u00e9monkarten &amp; Sammelkarten<\/li>\n\n\n\n<li>Brettspiele &amp; Gesellschaftsspiele<\/li>\n\n\n\n<li>Retro-Gaming &amp; Sammlerst\u00fccke<\/li>\n\n\n\n<li>und vieles mehr<\/li>\n<\/ul>\n\n\n\n<p>Auch gr\u00f6\u00dfere Sammlungen und Konvolute m\u00f6glich.<\/p>\n\n\n\n<p><\/p>\n\n\n\n<p><\/p>\n\n\n\n<p>Sende uns deine Anfrage einfach per E-Mail mit:<\/p>\n\n\n\n<ul class=\"wp-block-list\">\n<li>Beschreibung der Artikel<\/li>\n\n\n\n<li>Zustand der Ware<\/li>\n\n\n\n<li>m\u00f6glichst klare Fotos<\/li>\n<\/ul>\n\n\n\n<p>Wir pr\u00fcfen deine Anfrage und melden uns schnellstm\u00f6glich zur\u00fcck.<\/p>\n\n\n\n<div class=\"wp-block-buttons is-layout-flex wp-block-buttons-is-layout-flex\">\n<div class=\"wp-block-button\"><a class=\"wp-block-button__link has-background wp-element-button\" href=\"mailto:Rasmus-wilhelm@web.de\" style=\"background-color:#59c90c\">Ankauf per E-Mail starten<\/a><\/div>\n<\/div>\n\n\n\n<figure class=\"wp-block-image size-large is-resized\"><img loading=\"lazy\" decoding=\"async\" width=\"683\" height=\"1024\" src=\"http:\/\/rasumavk.de\/wp-content\/uploads\/2026\/05\/ChatGPT-Image-9.-Mai-2026-16_54_05-683x1024.png\" alt=\"\" class=\"wp-image-39\" style=\"aspect-ratio:0.6670093084346982;width:410px;height:auto\" srcset=\"https:\/\/rasumavk.de\/wp-content\/uploads\/2026\/05\/ChatGPT-Image-9.-Mai-2026-16_54_05-683x1024.png 683w, https:\/\/rasumavk.de\/wp-content\/uploads\/2026\/05\/ChatGPT-Image-9.-Mai-2026-16_54_05-200x300.png 200w, https:\/\/rasumavk.de\/wp-content\/uploads\/2026\/05\/ChatGPT-Image-9.-Mai-2026-16_54_05-768x1152.png 768w, https:\/\/rasumavk.de\/wp-content\/uploads\/2026\/05\/ChatGPT-Image-9.-Mai-2026-16_54_05.png 1024w\" sizes=\"auto, (max-width: 683px) 100vw, 683px\" \/><\/figure>\n","protected":false},"excerpt":{"rendered":"<p>Du m\u00f6chtest Artikel verkaufen? Was kaufen wir an? Auch gr\u00f6\u00dfere Sammlungen und Konvolute m\u00f6glich. Sende uns deine Anfrage einfach per [&hellip;]<\/p>\n","protected":false},"author":1,"featured_media":0,"parent":0,"menu_order":0,"comment_status":"closed","ping_status":"closed","template":"","meta":{"_gspb_post_css":"","site-sidebar-layout":"default","site-content-layout":"","ast-site-content-layout":"default","site-content-style":"default","site-sidebar-style":"default","ast-global-header-display":"","ast-banner-title-visibility":"","ast-main-header-display":"","ast-hfb-above-header-display":"","ast-hfb-below-header-display":"","ast-hfb-mobile-header-display":"","site-post-title":"","ast-breadcrumbs-content":"","ast-featured-img":"","footer-sml-layout":"","ast-disable-related-posts":"","theme-transparent-header-meta":"","adv-header-id-meta":"","stick-header-meta":"","header-above-stick-meta":"","header-main-stick-meta":"","header-below-stick-meta":"","astra-migrate-meta-layouts":"default","ast-page-background-enabled":"default","ast-page-background-meta":{"desktop":{"background-color":"var(--ast-global-color-5)","background-image":"","background-repeat":"repeat","background-position":"center center","background-size":"auto","background-attachment":"scroll","background-type":"","background-media":"","overlay-type":"","overlay-color":"","overlay-opacity":"","overlay-gradient":""},"tablet":{"background-color":"","background-image":"","background-repeat":"repeat","background-position":"center center","background-size":"auto","background-attachment":"scroll","background-type":"","background-media":"","overlay-type":"","overlay-color":"","overlay-opacity":"","overlay-gradient":""},"mobile":{"background-color":"","background-image":"","background-repeat":"repeat","background-position":"center center","background-size":"auto","background-attachment":"scroll","background-type":"","background-media":"","overlay-type":"","overlay-color":"","overlay-opacity":"","overlay-gradient":""}},"ast-content-background-meta":{"desktop":{"background-color":"var(--ast-global-color-4)","background-image":"","background-repeat":"repeat","background-position":"center center","background-size":"auto","background-attachment":"scroll","background-type":"","background-media":"","overlay-type":"","overlay-color":"","overlay-opacity":"","overlay-gradient":""},"tablet":{"background-color":"var(--ast-global-color-4)","background-image":"","background-repeat":"repeat","background-position":"center center","background-size":"auto","background-attachment":"scroll","background-type":"","background-media":"","overlay-type":"","overlay-color":"","overlay-opacity":"","overlay-gradient":""},"mobile":{"background-color":"var(--ast-global-color-4)","background-image":"","background-repeat":"repeat","background-position":"center center","background-size":"auto","background-attachment":"scroll","background-type":"","background-media":"","overlay-type":"","overlay-color":"","overlay-opacity":"","overlay-gradient":""}},"footnotes":""},"class_list":["post-17","page","type-page","status-publish","hentry"],"_links":{"self":[{"href":"https:\/\/rasumavk.de\/index.php?rest_route=\/wp\/v2\/pages\/17","targetHints":{"allow":["GET"]}}],"collection":[{"href":"https:\/\/rasumavk.de\/index.php?rest_route=\/wp\/v2\/pages"}],"about":[{"href":"https:\/\/rasumavk.de\/index.php?rest_route=\/wp\/v2\/types\/page"}],"author":[{"embeddable":true,"href":"https:\/\/rasumavk.de\/index.php?rest_route=\/wp\/v2\/users\/1"}],"replies":[{"embeddable":true,"href":"https:\/\/rasumavk.de\/index.php?rest_route=%2Fwp%2Fv2%2Fcomments&post=17"}],"version-history":[{"count":4,"href":"https:\/\/rasumavk.de\/index.php?rest_route=\/wp\/v2\/pages\/17\/revisions"}],"predecessor-version":[{"id":112,"href":"https:\/\/rasumavk.de\/index.php?rest_route=\/wp\/v2\/pages\/17\/revisions\/112"}],"wp:attachment":[{"href":"https:\/\/rasumavk.de\/index.php?rest_route=%2Fwp%2Fv2%2Fmedia&parent=17"}],"curies":[{"name":"wp","href":"https:\/\/api.w.org\/{rel}","templated":true}]}}